{"id":4584,"date":"2024-09-12T18:05:03","date_gmt":"2024-09-12T16:05:03","guid":{"rendered":"https:\/\/viverosmsoria.es\/?page_id=4584"},"modified":"2024-09-12T18:13:56","modified_gmt":"2024-09-12T16:13:56","slug":"viveros-y-cultivos-antequera-sl","status":"publish","type":"page","link":"https:\/\/viverosmsoria.es\/en\/viveros-y-cultivos-antequera-sl\/","title":{"rendered":"Viveros y cultivos Antequera SL"},"content":{"rendered":"<div data-elementor-type=\"wp-page\" data-elementor-id=\"4584\" class=\"elementor elementor-4584\" data-elementor-post-type=\"page\">\n\t\t\t\t<div class=\"elementor-element elementor-element-d6402d0 e-flex e-con-boxed e-con e-parent\" data-id=\"d6402d0\" data-element_type=\"container\" data-settings=\"{&quot;jet_parallax_layout_list&quot;:[]}\">\n\t\t\t\t\t<div class=\"e-con-inner\">\n\t\t\t\t<div class=\"elementor-element elementor-element-654b8da elementor-widget elementor-widget-woocommerce-breadcrumb\" data-id=\"654b8da\" data-element_type=\"widget\" data-widget_type=\"woocommerce-breadcrumb.default\">\n\t\t\t\t<div class=\"elementor-widget-container\">\n\t\t\t<nav class=\"woocommerce-breadcrumb\" aria-label=\"Breadcrumb\" data-no-translation=\"\" data-trp-gettext=\"\">Home<\/nav>\t\t<\/div>\n\t\t\t\t<\/div>\n\t\t\t\t<div class=\"elementor-element elementor-element-df95fcd elementor-widget elementor-widget-heading\" data-id=\"df95fcd\" data-element_type=\"widget\" data-widget_type=\"heading.default\">\n\t\t\t\t<div class=\"elementor-widget-container\">\n\t\t\t<h1 class=\"elementor-heading-title elementor-size-default\">Viveros y cultivos Antequera SL<\/h1>\t\t<\/div>\n\t\t\t\t<\/div>\n\t\t\t\t<div class=\"elementor-element elementor-element-0bd9296 elementor-widget elementor-widget-heading\" data-id=\"0bd9296\" data-element_type=\"widget\" data-widget_type=\"heading.default\">\n\t\t\t\t<div class=\"elementor-widget-container\">\n\t\t\t<h3 class=\"elementor-heading-title elementor-size-default\">\u00bfQui\u00e9nes somos?<\/h3>\t\t<\/div>\n\t\t\t\t<\/div>\n\t\t\t\t<div class=\"elementor-element elementor-element-2c72fdf elementor-widget__width-inherit elementor-invisible elementor-widget elementor-widget-image\" data-id=\"2c72fdf\" data-element_type=\"widget\" data-settings=\"{&quot;_animation&quot;:&quot;fadeIn&quot;}\" data-widget_type=\"image.default\">\n\t\t\t\t<div class=\"elementor-widget-container\">\n\t\t\t\t\t\t\t\t\t\t\t\t\t<img fetchpriority=\"high\" decoding=\"async\" width=\"1440\" height=\"420\" src=\"https:\/\/viverosmsoria.es\/wp-content\/uploads\/2024\/09\/Antequera-principal.jpg\" class=\"attachment-full size-full wp-image-4588\" alt=\"Antequera principal\" srcset=\"https:\/\/viverosmsoria.es\/wp-content\/uploads\/2024\/09\/Antequera-principal.jpg 1440w, https:\/\/viverosmsoria.es\/wp-content\/uploads\/2024\/09\/Antequera-principal-300x88.jpg 300w, https:\/\/viverosmsoria.es\/wp-content\/uploads\/2024\/09\/Antequera-principal-1024x299.jpg 1024w, https:\/\/viverosmsoria.es\/wp-content\/uploads\/2024\/09\/Antequera-principal-768x224.jpg 768w, https:\/\/viverosmsoria.es\/wp-content\/uploads\/2024\/09\/Antequera-principal-18x5.jpg 18w, https:\/\/viverosmsoria.es\/wp-content\/uploads\/2024\/09\/Antequera-principal-600x175.jpg 600w\" sizes=\"(max-width: 1440px) 100vw, 1440px\" \/>\t\t\t\t\t\t\t\t\t\t\t\t\t<\/div>\n\t\t\t\t<\/div>\n\t\t\t\t<div class=\"elementor-element elementor-element-8498153 elementor-widget elementor-widget-text-editor\" data-id=\"8498153\" data-element_type=\"widget\" data-widget_type=\"text-editor.default\">\n\t\t\t\t<div class=\"elementor-widget-container\">\n\t\t\t\t\t\t\t<p>Sociedad creada para gestionar el cultivo de las plantas en las instalaciones de\u00a0Viveros Mariano Soria\u00a0en Antequera (M\u00e1laga).<\/p>\t\t\t\t\t\t<\/div>\n\t\t\t\t<\/div>\n\t\t\t\t<div class=\"elementor-element elementor-element-1592181 elementor-widget elementor-widget-image\" data-id=\"1592181\" data-element_type=\"widget\" data-widget_type=\"image.default\">\n\t\t\t\t<div class=\"elementor-widget-container\">\n\t\t\t\t\t\t\t\t\t\t\t\t\t<img decoding=\"async\" width=\"127\" height=\"82\" src=\"https:\/\/viverosmsoria.es\/wp-content\/uploads\/2024\/09\/logo-antequera.png\" class=\"attachment-large size-large wp-image-4589\" alt=\"\" srcset=\"https:\/\/viverosmsoria.es\/wp-content\/uploads\/2024\/09\/logo-antequera.png 127w, https:\/\/viverosmsoria.es\/wp-content\/uploads\/2024\/09\/logo-antequera-18x12.png 18w\" sizes=\"(max-width: 127px) 100vw, 127px\" \/>\t\t\t\t\t\t\t\t\t\t\t\t\t<\/div>\n\t\t\t\t<\/div>\n\t\t\t\t<div class=\"elementor-element elementor-element-5a9f4a0 elementor-icon-list--layout-traditional elementor-list-item-link-full_width elementor-widget elementor-widget-icon-list\" data-id=\"5a9f4a0\" data-element_type=\"widget\" data-widget_type=\"icon-list.default\">\n\t\t\t\t<div class=\"elementor-widget-container\">\n\t\t\t\t\t<ul class=\"elementor-icon-list-items\">\n\t\t\t\t\t\t\t<li class=\"elementor-icon-list-item\">\n\t\t\t\t\t\t\t\t\t\t\t<span class=\"elementor-icon-list-icon\">\n\t\t\t\t\t\t\t<i aria-hidden=\"true\" class=\"icon icon-map-marker1\"><\/i>\t\t\t\t\t\t<\/span>\n\t\t\t\t\t\t\t\t\t\t<span class=\"elementor-icon-list-text\"><strong>Direcci\u00f3n:<\/strong> Ctra C\u00f3rdoba-M\u00e1laga, km 116, CP: 29200 ANTEQUERA (M\u00e1laga)<\/span>\n\t\t\t\t\t\t\t\t\t<\/li>\n\t\t\t\t\t\t\t\t<li class=\"elementor-icon-list-item\">\n\t\t\t\t\t\t\t\t\t\t\t<span class=\"elementor-icon-list-icon\">\n\t\t\t\t\t\t\t<i aria-hidden=\"true\" class=\"icon icon-envelope2\"><\/i>\t\t\t\t\t\t<\/span>\n\t\t\t\t\t\t\t\t\t\t<span class=\"elementor-icon-list-text\"><strong>Apdo. correos:<\/strong> 129<\/span>\n\t\t\t\t\t\t\t\t\t<\/li>\n\t\t\t\t\t\t\t\t<li class=\"elementor-icon-list-item\">\n\t\t\t\t\t\t\t\t\t\t\t<span class=\"elementor-icon-list-icon\">\n\t\t\t\t\t\t\t<i aria-hidden=\"true\" class=\"icon icon-phone1\"><\/i>\t\t\t\t\t\t<\/span>\n\t\t\t\t\t\t\t\t\t\t<span class=\"elementor-icon-list-text\"><strong>Tel\u00e9fonos:<\/strong> 952 703 983 \/ 952 703 038<\/span>\n\t\t\t\t\t\t\t\t\t<\/li>\n\t\t\t\t\t\t\t\t<li class=\"elementor-icon-list-item\">\n\t\t\t\t\t\t\t\t\t\t\t<a href=\"mailto:antequera@viverosmarianosoria.com\">\n\n\t\t\t\t\t\t\t\t\t\t\t\t<span class=\"elementor-icon-list-icon\">\n\t\t\t\t\t\t\t<i aria-hidden=\"true\" class=\"icon icon-email1\"><\/i>\t\t\t\t\t\t<\/span>\n\t\t\t\t\t\t\t\t\t\t<span class=\"elementor-icon-list-text\"><strong>Email:<\/strong> antequera@viverosmarianosoria.com<\/span>\n\t\t\t\t\t\t\t\t\t\t\t<\/a>\n\t\t\t\t\t\t\t\t\t<\/li>\n\t\t\t\t\t\t<\/ul>\n\t\t\t\t<\/div>\n\t\t\t\t<\/div>\n\t\t\t\t\t<\/div>\n\t\t\t\t<\/div>\n\t\t\t\t<\/div>","protected":false},"excerpt":{"rendered":"<p>Viveros y cultivos Antequera SL \u00bfQui\u00e9nes somos? Sociedad creada para gestionar el cultivo de las plantas en las instalaciones de\u00a0Viveros Mariano Soria\u00a0en Antequera (M\u00e1laga). Direcci\u00f3n: Ctra C\u00f3rdoba-M\u00e1laga, km 116, CP: 29200 ANTEQUERA (M\u00e1laga) Apdo. correos: 129 Tel\u00e9fonos: 952 703 983 \/ 952 703 038 Email: antequera@viverosmarianosoria.com<\/p>","protected":false},"author":7,"featured_media":0,"parent":0,"menu_order":0,"comment_status":"closed","ping_status":"closed","template":"elementor_header_footer","meta":{"inline_featured_image":false,"footnotes":""},"class_list":["post-4584","page","type-page","status-publish","hentry"],"_links":{"self":[{"href":"https:\/\/viverosmsoria.es\/en\/wp-json\/wp\/v2\/pages\/4584"}],"collection":[{"href":"https:\/\/viverosmsoria.es\/en\/wp-json\/wp\/v2\/pages"}],"about":[{"href":"https:\/\/viverosmsoria.es\/en\/wp-json\/wp\/v2\/types\/page"}],"author":[{"embeddable":true,"href":"https:\/\/viverosmsoria.es\/en\/wp-json\/wp\/v2\/users\/7"}],"replies":[{"embeddable":true,"href":"https:\/\/viverosmsoria.es\/en\/wp-json\/wp\/v2\/comments?post=4584"}],"version-history":[{"count":4,"href":"https:\/\/viverosmsoria.es\/en\/wp-json\/wp\/v2\/pages\/4584\/revisions"}],"predecessor-version":[{"id":4592,"href":"https:\/\/viverosmsoria.es\/en\/wp-json\/wp\/v2\/pages\/4584\/revisions\/4592"}],"wp:attachment":[{"href":"https:\/\/viverosmsoria.es\/en\/wp-json\/wp\/v2\/media?parent=4584"}],"curies":[{"name":"wp","href":"https:\/\/api.w.org\/{rel}","templated":true}]}}